{"id":788,"date":"2015-12-07T19:26:44","date_gmt":"2015-12-07T19:26:44","guid":{"rendered":"http:\/\/ciadorelativo.com\/?page_id=788"},"modified":"2025-06-24T09:59:22","modified_gmt":"2025-06-24T12:59:22","slug":"malabarismo-de-contato","status":"publish","type":"page","link":"https:\/\/ciadorelativo.com.br\/en\/743-2\/malabarismo-de-contato\/","title":{"rendered":"Contact Juggling"},"content":{"rendered":"\n<p><\/p>\n\n\n\n<p class=\"has-text-align-center\">O malabarismo de contato \u00e9 uma t\u00e9cnica de manipula\u00e7\u00e3o que consiste em manter objetos em contato constante com o corpo durante a sua movimenta\u00e7\u00e3o.<\/p>\n\n\n\n<p class=\"has-text-align-center\">Esta oficina possui como finalidade desenvolver o autoconhecimento corporal por meio da t\u00e9cnica do malabarismo de contato com bolas. O trabalho \u00e9 voltado para a decupagem de padr\u00f5es de rolamento e equil\u00edbrio, oferecendo ao aluno n\u00e3o apenas uma vasta gama de truques, mas tamb\u00e9m a possibilidade de explorar ferramentas para cria\u00e7\u00e3o de t\u00e9cnica pessoal.<\/p>\n\n\n\n<pre class=\"wp-block-verse has-small-font-size\">Ministrante: Otavio Fantinato<br>Dura\u00e7\u00e3o: 3hs<br>Maximo de vagas: 15<br>P\u00fablico-alvo: iniciantes e malabaristas de n\u00edvel intermedi\u00e1rio.<br>Materiais necess\u00e1rios: 15 bolas de contato de vinil<\/pre>\n\n\n\n<p><\/p>\n\n\n\n<p><\/p>\n\n\n\n<p><\/p>\n\n\n\n<p><\/p>\n\n\n\n<p><\/p>\n","protected":false},"excerpt":{"rendered":"<p>O malabarismo de contato \u00e9 uma t\u00e9cnica de manipula\u00e7\u00e3o que consiste em manter objetos em contato constante com o corpo durante a sua movimenta\u00e7\u00e3o. Esta oficina possui como finalidade desenvolver o autoconhecimento corporal por meio da t\u00e9cnica do malabarismo de contato com bolas. O trabalho \u00e9 voltado para a decupagem de padr\u00f5es de rolamento e &#8230; <a title=\"Contact Juggling\" class=\"read-more\" href=\"https:\/\/ciadorelativo.com.br\/en\/743-2\/malabarismo-de-contato\/\" aria-label=\"Read more about Contact Juggling\">Read more<\/a><\/p>\n","protected":false},"author":7,"featured_media":0,"parent":743,"menu_order":0,"comment_status":"closed","ping_status":"closed","template":"","meta":{"footnotes":""},"class_list":["post-788","page","type-page","status-publish"],"translation":{"provider":"WPGlobus","version":"3.0.2","language":"en","enabled_languages":["br","en"],"languages":{"br":{"title":true,"content":true,"excerpt":false},"en":{"title":true,"content":true,"excerpt":false}}},"_links":{"self":[{"href":"https:\/\/ciadorelativo.com.br\/en\/wp-json\/wp\/v2\/pages\/788","targetHints":{"allow":["GET"]}}],"collection":[{"href":"https:\/\/ciadorelativo.com.br\/en\/wp-json\/wp\/v2\/pages"}],"about":[{"href":"https:\/\/ciadorelativo.com.br\/en\/wp-json\/wp\/v2\/types\/page"}],"author":[{"embeddable":true,"href":"https:\/\/ciadorelativo.com.br\/en\/wp-json\/wp\/v2\/users\/7"}],"replies":[{"embeddable":true,"href":"https:\/\/ciadorelativo.com.br\/en\/wp-json\/wp\/v2\/comments?post=788"}],"version-history":[{"count":7,"href":"https:\/\/ciadorelativo.com.br\/en\/wp-json\/wp\/v2\/pages\/788\/revisions"}],"predecessor-version":[{"id":20862,"href":"https:\/\/ciadorelativo.com.br\/en\/wp-json\/wp\/v2\/pages\/788\/revisions\/20862"}],"up":[{"embeddable":true,"href":"https:\/\/ciadorelativo.com.br\/en\/wp-json\/wp\/v2\/pages\/743"}],"wp:attachment":[{"href":"https:\/\/ciadorelativo.com.br\/en\/wp-json\/wp\/v2\/media?parent=788"}],"curies":[{"name":"wp","href":"https:\/\/api.w.org\/{rel}","templated":true}]}}