{"id":674,"date":"2015-04-10T01:12:22","date_gmt":"2015-04-10T01:12:22","guid":{"rendered":"http:\/\/ciadorelativo.com\/?page_id=674"},"modified":"2025-06-24T09:16:14","modified_gmt":"2025-06-24T12:16:14","slug":"carta-branca","status":"publish","type":"page","link":"https:\/\/ciadorelativo.com.br\/en\/espetaculos-2\/carta-branca\/","title":{"rendered":""},"content":{"rendered":"\n<figure class=\"wp-block-image size-large\"><img loading=\"lazy\" decoding=\"async\" width=\"1024\" height=\"323\" src=\"https:\/\/ciadorelativo.com.br\/wp-content\/uploads\/sites\/8\/2022\/09\/carta-branca-1024x323.jpg\" alt=\"\" class=\"wp-image-2241\" srcset=\"https:\/\/ciadorelativo.com.br\/wp-content\/uploads\/sites\/8\/2022\/09\/carta-branca-1024x323.jpg 1024w, https:\/\/ciadorelativo.com.br\/wp-content\/uploads\/sites\/8\/2022\/09\/carta-branca-300x95.jpg 300w, https:\/\/ciadorelativo.com.br\/wp-content\/uploads\/sites\/8\/2022\/09\/carta-branca-768x242.jpg 768w, https:\/\/ciadorelativo.com.br\/wp-content\/uploads\/sites\/8\/2022\/09\/carta-branca-1536x485.jpg 1536w, https:\/\/ciadorelativo.com.br\/wp-content\/uploads\/sites\/8\/2022\/09\/carta-branca.jpg 1800w\" sizes=\"auto, (max-width: 1024px) 100vw, 1024px\" \/><\/figure>\n\n\n\n<p class=\"has-text-align-center has-small-font-size\"><em>Desde sua estr\u00e9ia em 2016, o segundo espet\u00e1culo da companhia esteve em 30 cidades de 5 estados do Brasil. Foi convidado a participar de projetos como: Festival Internacional Sesc de Circo 2017, Circuito Sesc de Artes 2018, Picadeiro M\u00f3vel (RJ), Mostra Sesc Cariri (CE), Festival Internacional de Circo de S\u00e3o Paulo, Sesc Circo Maranh\u00e3o, e Aldeia Sesc de Arte (MT). Foi contemplado pelo edital ProAC de produ\u00e7\u00e3o e circula\u00e7\u00e3o de espet\u00e1culos circenses, da Secretaria de Cultura e Economia Criativa do Governo do Estado de S\u00e3o Paulo, em 2018.<\/em><\/p>\n\n\n\n<p class=\"has-text-align-center\"><\/p>\n\n\n<div class=\"wp-block-image\">\n<figure class=\"aligncenter size-large\"><img loading=\"lazy\" decoding=\"async\" width=\"1024\" height=\"323\" src=\"https:\/\/ciadorelativo.com.br\/wp-content\/uploads\/sites\/8\/2022\/09\/carta-branca-b-1-1024x323.jpg\" alt=\"\" class=\"wp-image-2248\" srcset=\"https:\/\/ciadorelativo.com.br\/wp-content\/uploads\/sites\/8\/2022\/09\/carta-branca-b-1-1024x323.jpg 1024w, https:\/\/ciadorelativo.com.br\/wp-content\/uploads\/sites\/8\/2022\/09\/carta-branca-b-1-300x95.jpg 300w, https:\/\/ciadorelativo.com.br\/wp-content\/uploads\/sites\/8\/2022\/09\/carta-branca-b-1-768x242.jpg 768w, https:\/\/ciadorelativo.com.br\/wp-content\/uploads\/sites\/8\/2022\/09\/carta-branca-b-1-1536x485.jpg 1536w, https:\/\/ciadorelativo.com.br\/wp-content\/uploads\/sites\/8\/2022\/09\/carta-branca-b-1.jpg 1800w\" sizes=\"auto, (max-width: 1024px) 100vw, 1024px\" \/><\/figure>\n<\/div>\n\n\n<p><\/p>\n\n\n\n<p class=\"has-text-align-center\" style=\"font-size:18px\">Em uma sala de uma s\u00f3 parede, quatro artistas de circo se encontram para ocupar o vazio e transform\u00e1-lo constantemente: S\u00e3o bancos, bolas e t\u00e1buas de madeira que, atrav\u00e9s de manipula\u00e7\u00f5es, voam pelos ares e deslizam pelo ch\u00e3o, invadindo o espa\u00e7o e criando em cada momento um novo cen\u00e1rio de jogo. Com acrobacia, dan\u00e7a, malabarismo e m\u00fasica ao vivo, esses companheiros n\u00e3o medem esfor\u00e7os para compartilhar seus sonhos e cumprir seu dever: Entreter o p\u00fablico! Mas, atrav\u00e9s de suas cartas brancas, buscam a sinceridade em compartilhar algo que seja realmente significativo e, assim, acabam expondo seus medos, motiva\u00e7\u00f5es e fragilidades, mostrando aspectos vulner\u00e1veis de suas personalidades.<\/p>\n\n\n\n<figure class=\"wp-block-embed aligncenter is-type-video is-provider-youtube wp-block-embed-youtube wp-embed-aspect-16-9 wp-has-aspect-ratio\"><div class=\"wp-block-embed__wrapper\">\n<iframe loading=\"lazy\" title=\"Cia do Relativo - Carta Branca (2017)\" width=\"1200\" height=\"675\" src=\"https:\/\/www.youtube.com\/embed\/44XSPnUaZCk?feature=oembed\" frameborder=\"0\" allow=\"accelerometer; autoplay; clipboard-write; encrypted-media; gyroscope; picture-in-picture; web-share\" referrerpolicy=\"strict-origin-when-cross-origin\" allowfullscreen><\/iframe>\n<\/div><\/figure>\n\n\n\n<pre class=\"wp-block-verse has-text-align-right\"><strong>Cria\u00e7\u00e3o e atua\u00e7\u00e3o<\/strong>: Danielle Siqueira, Victor Abreu, Otavio Fantinato e T\u00e1ssio Folli\n<strong>Figurino:<\/strong> Claudia Schapira\n<strong>Concep\u00e7\u00e3o cenogr\u00e1fica<\/strong>: T\u00e1ssio Folli e Otavio Fantinato\n<strong>M\u00fasica:<\/strong> Danielle Siqueira\n<strong>Dire\u00e7\u00e3o Geral:<\/strong> T\u00e1ssio Folli\n<strong>Classifica\u00e7\u00e3o et\u00e1ria:<\/strong> Livre.&nbsp;\n\n<strong>Dura\u00e7\u00e3o:<\/strong> 50 minutos<\/pre>\n\n\n<div class=\"wp-block-image\">\n<figure class=\"aligncenter size-large is-resized\"><img loading=\"lazy\" decoding=\"async\" width=\"1024\" height=\"1024\" src=\"https:\/\/ciadorelativo.com.br\/wp-content\/uploads\/sites\/8\/2022\/09\/cb2-1024x1024.jpg\" alt=\"\" class=\"wp-image-2250\" style=\"width:254px;height:auto\" srcset=\"https:\/\/ciadorelativo.com.br\/wp-content\/uploads\/sites\/8\/2022\/09\/cb2-1024x1024.jpg 1024w, https:\/\/ciadorelativo.com.br\/wp-content\/uploads\/sites\/8\/2022\/09\/cb2-300x300.jpg 300w, https:\/\/ciadorelativo.com.br\/wp-content\/uploads\/sites\/8\/2022\/09\/cb2-150x150.jpg 150w, https:\/\/ciadorelativo.com.br\/wp-content\/uploads\/sites\/8\/2022\/09\/cb2-768x768.jpg 768w, https:\/\/ciadorelativo.com.br\/wp-content\/uploads\/sites\/8\/2022\/09\/cb2.jpg 1106w\" sizes=\"auto, (max-width: 1024px) 100vw, 1024px\" \/><\/figure>\n<\/div>\n\n\n<figure class=\"wp-block-gallery has-nested-images columns-5 is-cropped wp-block-gallery-1 is-layout-flex wp-block-gallery-is-layout-flex\">\n<figure class=\"wp-block-image size-large\"><img loading=\"lazy\" decoding=\"async\" width=\"1024\" height=\"683\" data-id=\"2445\" src=\"https:\/\/ciadorelativo.com.br\/wp-content\/uploads\/sites\/8\/2022\/09\/RIC5778-1024x683.jpg\" alt=\"\" class=\"wp-image-2445\" srcset=\"https:\/\/ciadorelativo.com.br\/wp-content\/uploads\/sites\/8\/2022\/09\/RIC5778-1024x683.jpg 1024w, https:\/\/ciadorelativo.com.br\/wp-content\/uploads\/sites\/8\/2022\/09\/RIC5778-300x200.jpg 300w, https:\/\/ciadorelativo.com.br\/wp-content\/uploads\/sites\/8\/2022\/09\/RIC5778-768x512.jpg 768w, https:\/\/ciadorelativo.com.br\/wp-content\/uploads\/sites\/8\/2022\/09\/RIC5778-1536x1024.jpg 1536w, https:\/\/ciadorelativo.com.br\/wp-content\/uploads\/sites\/8\/2022\/09\/RIC5778.jpg 2048w\" sizes=\"auto, (max-width: 1024px) 100vw, 1024px\" \/><\/figure>\n\n\n\n<figure class=\"wp-block-image size-large\"><img loading=\"lazy\" decoding=\"async\" width=\"1024\" height=\"683\" data-id=\"2446\" src=\"https:\/\/ciadorelativo.com.br\/wp-content\/uploads\/sites\/8\/2022\/09\/Copia-de-_RIC5810-1-1-1024x683.jpg\" alt=\"\" class=\"wp-image-2446\" srcset=\"https:\/\/ciadorelativo.com.br\/wp-content\/uploads\/sites\/8\/2022\/09\/Copia-de-_RIC5810-1-1-1024x683.jpg 1024w, https:\/\/ciadorelativo.com.br\/wp-content\/uploads\/sites\/8\/2022\/09\/Copia-de-_RIC5810-1-1-300x200.jpg 300w, https:\/\/ciadorelativo.com.br\/wp-content\/uploads\/sites\/8\/2022\/09\/Copia-de-_RIC5810-1-1-768x512.jpg 768w, https:\/\/ciadorelativo.com.br\/wp-content\/uploads\/sites\/8\/2022\/09\/Copia-de-_RIC5810-1-1-1536x1024.jpg 1536w, https:\/\/ciadorelativo.com.br\/wp-content\/uploads\/sites\/8\/2022\/09\/Copia-de-_RIC5810-1-1.jpg 2048w\" sizes=\"auto, (max-width: 1024px) 100vw, 1024px\" \/><\/figure>\n\n\n\n<figure class=\"wp-block-image size-large\"><img loading=\"lazy\" decoding=\"async\" width=\"1024\" height=\"683\" data-id=\"2444\" src=\"https:\/\/ciadorelativo.com.br\/wp-content\/uploads\/sites\/8\/2022\/09\/RIC5732-1024x683.jpg\" alt=\"\" class=\"wp-image-2444\" srcset=\"https:\/\/ciadorelativo.com.br\/wp-content\/uploads\/sites\/8\/2022\/09\/RIC5732-1024x683.jpg 1024w, https:\/\/ciadorelativo.com.br\/wp-content\/uploads\/sites\/8\/2022\/09\/RIC5732-300x200.jpg 300w, https:\/\/ciadorelativo.com.br\/wp-content\/uploads\/sites\/8\/2022\/09\/RIC5732-768x512.jpg 768w, https:\/\/ciadorelativo.com.br\/wp-content\/uploads\/sites\/8\/2022\/09\/RIC5732-1536x1024.jpg 1536w, https:\/\/ciadorelativo.com.br\/wp-content\/uploads\/sites\/8\/2022\/09\/RIC5732.jpg 2048w\" sizes=\"auto, (max-width: 1024px) 100vw, 1024px\" \/><\/figure>\n\n\n\n<figure class=\"wp-block-image size-large\"><img loading=\"lazy\" decoding=\"async\" width=\"1024\" height=\"683\" data-id=\"2447\" src=\"https:\/\/ciadorelativo.com.br\/wp-content\/uploads\/sites\/8\/2022\/09\/Copia-de-Copia-de-_RIC5699-3-1024x683.jpg\" alt=\"\" class=\"wp-image-2447\" srcset=\"https:\/\/ciadorelativo.com.br\/wp-content\/uploads\/sites\/8\/2022\/09\/Copia-de-Copia-de-_RIC5699-3-1024x683.jpg 1024w, https:\/\/ciadorelativo.com.br\/wp-content\/uploads\/sites\/8\/2022\/09\/Copia-de-Copia-de-_RIC5699-3-300x200.jpg 300w, https:\/\/ciadorelativo.com.br\/wp-content\/uploads\/sites\/8\/2022\/09\/Copia-de-Copia-de-_RIC5699-3-768x512.jpg 768w, https:\/\/ciadorelativo.com.br\/wp-content\/uploads\/sites\/8\/2022\/09\/Copia-de-Copia-de-_RIC5699-3-1536x1024.jpg 1536w, https:\/\/ciadorelativo.com.br\/wp-content\/uploads\/sites\/8\/2022\/09\/Copia-de-Copia-de-_RIC5699-3.jpg 2048w\" sizes=\"auto, (max-width: 1024px) 100vw, 1024px\" \/><\/figure>\n\n\n\n<figure class=\"wp-block-image size-large\"><img loading=\"lazy\" decoding=\"async\" width=\"683\" height=\"1024\" data-id=\"2448\" src=\"https:\/\/ciadorelativo.com.br\/wp-content\/uploads\/sites\/8\/2022\/09\/Copia-de-Copia-de-_RIC5858-683x1024.jpg\" alt=\"\" class=\"wp-image-2448\" srcset=\"https:\/\/ciadorelativo.com.br\/wp-content\/uploads\/sites\/8\/2022\/09\/Copia-de-Copia-de-_RIC5858-683x1024.jpg 683w, https:\/\/ciadorelativo.com.br\/wp-content\/uploads\/sites\/8\/2022\/09\/Copia-de-Copia-de-_RIC5858-200x300.jpg 200w, https:\/\/ciadorelativo.com.br\/wp-content\/uploads\/sites\/8\/2022\/09\/Copia-de-Copia-de-_RIC5858-768x1152.jpg 768w, https:\/\/ciadorelativo.com.br\/wp-content\/uploads\/sites\/8\/2022\/09\/Copia-de-Copia-de-_RIC5858-1024x1536.jpg 1024w, https:\/\/ciadorelativo.com.br\/wp-content\/uploads\/sites\/8\/2022\/09\/Copia-de-Copia-de-_RIC5858.jpg 1365w\" sizes=\"auto, (max-width: 683px) 100vw, 683px\" \/><\/figure>\n<\/figure>\n\n\n\n<p><\/p>\n","protected":false},"excerpt":{"rendered":"<p>Desde sua estr\u00e9ia em 2016, o segundo espet\u00e1culo da companhia esteve em 30 cidades de 5 estados do Brasil. Foi convidado a participar de projetos como: Festival Internacional Sesc de Circo 2017, Circuito Sesc de Artes 2018, Picadeiro M\u00f3vel (RJ), Mostra Sesc Cariri (CE), Festival Internacional de Circo de S\u00e3o Paulo, Sesc Circo Maranh\u00e3o, e &#8230; <a title=\"\" class=\"read-more\" href=\"https:\/\/ciadorelativo.com.br\/en\/espetaculos-2\/carta-branca\/\" aria-label=\"Read more about \">Read more<\/a><\/p>\n","protected":false},"author":7,"featured_media":0,"parent":640,"menu_order":0,"comment_status":"closed","ping_status":"closed","template":"","meta":{"footnotes":""},"class_list":["post-674","page","type-page","status-publish"],"translation":{"provider":"WPGlobus","version":"3.0.2","language":"en","enabled_languages":["br","en"],"languages":{"br":{"title":false,"content":true,"excerpt":false},"en":{"title":false,"content":true,"excerpt":false}}},"_links":{"self":[{"href":"https:\/\/ciadorelativo.com.br\/en\/wp-json\/wp\/v2\/pages\/674","targetHints":{"allow":["GET"]}}],"collection":[{"href":"https:\/\/ciadorelativo.com.br\/en\/wp-json\/wp\/v2\/pages"}],"about":[{"href":"https:\/\/ciadorelativo.com.br\/en\/wp-json\/wp\/v2\/types\/page"}],"author":[{"embeddable":true,"href":"https:\/\/ciadorelativo.com.br\/en\/wp-json\/wp\/v2\/users\/7"}],"replies":[{"embeddable":true,"href":"https:\/\/ciadorelativo.com.br\/en\/wp-json\/wp\/v2\/comments?post=674"}],"version-history":[{"count":65,"href":"https:\/\/ciadorelativo.com.br\/en\/wp-json\/wp\/v2\/pages\/674\/revisions"}],"predecessor-version":[{"id":20806,"href":"https:\/\/ciadorelativo.com.br\/en\/wp-json\/wp\/v2\/pages\/674\/revisions\/20806"}],"up":[{"embeddable":true,"href":"https:\/\/ciadorelativo.com.br\/en\/wp-json\/wp\/v2\/pages\/640"}],"wp:attachment":[{"href":"https:\/\/ciadorelativo.com.br\/en\/wp-json\/wp\/v2\/media?parent=674"}],"curies":[{"name":"wp","href":"https:\/\/api.w.org\/{rel}","templated":true}]}}