{"id":1364,"date":"2011-04-06T17:41:50","date_gmt":"2011-04-06T17:41:50","guid":{"rendered":"http:\/\/ciadorelativo.com\/?page_id=2"},"modified":"2025-06-24T09:07:58","modified_gmt":"2025-06-24T12:07:58","slug":"about","status":"publish","type":"page","link":"https:\/\/ciadorelativo.com.br\/en\/about\/","title":{"rendered":"The Company"},"content":{"rendered":"\n<p>&nbsp;<\/p>\n\n\n\n<p><\/p>\n\n\n\n<p><\/p>\n\n\n<p><img loading=\"lazy\" decoding=\"async\" class=\"wp-image-2318  alignleft\" src=\"https:\/\/ciadorelativo.com.br\/wp-content\/uploads\/sites\/8\/2022\/09\/caba3-1024x1024.jpg\" alt=\"\" width=\"359\" height=\"359\" srcset=\"https:\/\/ciadorelativo.com.br\/wp-content\/uploads\/sites\/8\/2022\/09\/caba3-1024x1024.jpg 1024w, https:\/\/ciadorelativo.com.br\/wp-content\/uploads\/sites\/8\/2022\/09\/caba3-300x300.jpg 300w, https:\/\/ciadorelativo.com.br\/wp-content\/uploads\/sites\/8\/2022\/09\/caba3-150x150.jpg 150w, https:\/\/ciadorelativo.com.br\/wp-content\/uploads\/sites\/8\/2022\/09\/caba3-768x768.jpg 768w, https:\/\/ciadorelativo.com.br\/wp-content\/uploads\/sites\/8\/2022\/09\/caba3.jpg 1106w\" sizes=\"auto, (max-width: 359px) 100vw, 359px\" \/><\/p>\n<p>The contemporary circus company \u201cCia do Relativo\u201d was founded in 2009, presenting a research with a different perspective over circus universe. Exploring the individuality of each artist for the creation and development of multidisciplinary pieces, the group believes in the reinvention of circus as a mean to dialogue with the modern world, and we flip our coins in gathering inspiration from people\u2019s daily experiences to approach the audience in a sensitive and human manner. The components of our research are based on the development of new equipments and in the use of circus techniques as a way of personal expression.<\/p>\n<p>\u00a0In eight years of existence, the company performed in prestigious festivals in Brazil and throughout the world, like Festival Internacional SESC de Circo (S\u00e3o Paulo), Mostra Sesc de Artes C\u00eanicas do Cariri (Cear\u00e1), Festival Internacional de Circo (Uruguai), Festival internacional de Circo \u201cYo me Rio Cuarto\u201d (Argentina), and CIRCA(Fran\u00e7a). We also participated in important programs, such as Palco Girat\u00f3rio SESC 2015,\u00a0 touring all over Brazil, passing through 46 cities.<\/p>\n<p><!--more--><!--more--><\/p>\n<p style=\"text-align: left\">\n\n\n<figure class=\"wp-block-embed aligncenter is-type-video is-provider-youtube wp-block-embed-youtube wp-embed-aspect-16-9 wp-has-aspect-ratio\"><div class=\"wp-block-embed__wrapper\">\n<iframe loading=\"lazy\" title=\"Cat\u00e1logo \u00e1udio visual - Cia do Relativo\" width=\"1200\" height=\"675\" src=\"https:\/\/www.youtube.com\/embed\/M3TyS0qd0v4?feature=oembed\" frameborder=\"0\" allow=\"accelerometer; autoplay; clipboard-write; encrypted-media; gyroscope; picture-in-picture; web-share\" referrerpolicy=\"strict-origin-when-cross-origin\" allowfullscreen><\/iframe>\n<\/div><\/figure>\n\n\n\n<div class=\"wp-block-media-text is-stacked-on-mobile\"><figure class=\"wp-block-media-text__media\"><\/figure><div class=\"wp-block-media-text__content\">\n<p><\/p>\n<\/div><\/div>\n","protected":false},"excerpt":{"rendered":"<p>A companhia de circo atual, fundada em 2009, apresenta em sua pesquisa um olhar diferente sobre espet\u00e1culos de circo e utiliza a individualidade criativa de cada artista para o desenvolvimento de trabalhos multidisciplinares. O grupo acredita na reinven\u00e7\u00e3o do circo como forma de dialogar com o mundo contempor\u00e2neo, e aposta que, buscando inspira\u00e7\u00f5es no cotidiano &#8230; <a title=\"The Company\" class=\"read-more\" href=\"https:\/\/ciadorelativo.com.br\/en\/about\/\" aria-label=\"Read more about The Company\">Read more<\/a><\/p>\n","protected":false},"author":7,"featured_media":0,"parent":0,"menu_order":2,"comment_status":"closed","ping_status":"closed","template":"","meta":{"footnotes":""},"class_list":["post-1364","page","type-page","status-publish"],"translation":{"provider":"WPGlobus","version":"3.0.2","language":"en","enabled_languages":["br","en"],"languages":{"br":{"title":true,"content":true,"excerpt":false},"en":{"title":true,"content":true,"excerpt":false}}},"_links":{"self":[{"href":"https:\/\/ciadorelativo.com.br\/en\/wp-json\/wp\/v2\/pages\/1364","targetHints":{"allow":["GET"]}}],"collection":[{"href":"https:\/\/ciadorelativo.com.br\/en\/wp-json\/wp\/v2\/pages"}],"about":[{"href":"https:\/\/ciadorelativo.com.br\/en\/wp-json\/wp\/v2\/types\/page"}],"author":[{"embeddable":true,"href":"https:\/\/ciadorelativo.com.br\/en\/wp-json\/wp\/v2\/users\/7"}],"replies":[{"embeddable":true,"href":"https:\/\/ciadorelativo.com.br\/en\/wp-json\/wp\/v2\/comments?post=1364"}],"version-history":[{"count":35,"href":"https:\/\/ciadorelativo.com.br\/en\/wp-json\/wp\/v2\/pages\/1364\/revisions"}],"predecessor-version":[{"id":20789,"href":"https:\/\/ciadorelativo.com.br\/en\/wp-json\/wp\/v2\/pages\/1364\/revisions\/20789"}],"wp:attachment":[{"href":"https:\/\/ciadorelativo.com.br\/en\/wp-json\/wp\/v2\/media?parent=1364"}],"curies":[{"name":"wp","href":"https:\/\/api.w.org\/{rel}","templated":true}]}}