{"id":1282,"date":"2018-03-07T00:39:55","date_gmt":"2018-03-07T00:39:55","guid":{"rendered":"http:\/\/ciadorelativo.com\/?page_id=1282"},"modified":"2025-06-24T08:55:38","modified_gmt":"2025-06-24T11:55:38","slug":"cabare","status":"publish","type":"page","link":"https:\/\/ciadorelativo.com.br\/en\/espetaculos-2\/cabare\/","title":{"rendered":""},"content":{"rendered":"<div class=\"wp-block-image\">\n<figure class=\"aligncenter size-full\"><img loading=\"lazy\" decoding=\"async\" width=\"728\" height=\"372\" src=\"https:\/\/ciadorelativo.com.br\/wp-content\/uploads\/sites\/8\/2025\/06\/caba-e1664474505253-768x372-copiar.jpg\" alt=\"\" class=\"wp-image-20610\" srcset=\"https:\/\/ciadorelativo.com.br\/wp-content\/uploads\/sites\/8\/2025\/06\/caba-e1664474505253-768x372-copiar.jpg 728w, https:\/\/ciadorelativo.com.br\/wp-content\/uploads\/sites\/8\/2025\/06\/caba-e1664474505253-768x372-copiar-300x153.jpg 300w\" sizes=\"auto, (max-width: 728px) 100vw, 728px\" \/><\/figure>\n<\/div>\n\n\n<p class=\"has-text-align-center has-small-font-size\"><em>Premiered in 2018, the show took part in the Malabaristicamente Festival at SESC Santo Andr\u00e9 and was also invited to participate in the Aldeia Guar\u00e1 Festival at SESC Arsenal, in Cuiab\u00e1.<\/em><\/p>\n\n\n\n<p><\/p>\n\n\n\n<p class=\"has-text-align-center\" style=\"font-size:18px\">The fusion between dance, theater and contemporary circus transforms the classic shape of circus cabarets: In place of the presenter that guides the night, entr&#8217;acts are made by the artists, filling the spectacle with collective dynamics potentialized by the live music.<\/p>\n\n\n<div class=\"wp-block-image\">\n<figure class=\"aligncenter size-large is-resized\"><img loading=\"lazy\" decoding=\"async\" width=\"1024\" height=\"323\" src=\"https:\/\/ciadorelativo.com.br\/wp-content\/uploads\/sites\/8\/2022\/09\/caba2-1024x323.jpg\" alt=\"\" class=\"wp-image-2316\" style=\"width:784px;height:auto\" srcset=\"https:\/\/ciadorelativo.com.br\/wp-content\/uploads\/sites\/8\/2022\/09\/caba2-1024x323.jpg 1024w, https:\/\/ciadorelativo.com.br\/wp-content\/uploads\/sites\/8\/2022\/09\/caba2-300x95.jpg 300w, https:\/\/ciadorelativo.com.br\/wp-content\/uploads\/sites\/8\/2022\/09\/caba2-768x242.jpg 768w, https:\/\/ciadorelativo.com.br\/wp-content\/uploads\/sites\/8\/2022\/09\/caba2-1536x485.jpg 1536w, https:\/\/ciadorelativo.com.br\/wp-content\/uploads\/sites\/8\/2022\/09\/caba2.jpg 1800w\" sizes=\"auto, (max-width: 1024px) 100vw, 1024px\" \/><\/figure>\n<\/div>\n\n\n<p class=\"has-text-align-right\"><\/p>\n\n\n\n<figure class=\"wp-block-embed aligncenter is-type-video is-provider-youtube wp-block-embed-youtube wp-embed-aspect-16-9 wp-has-aspect-ratio\"><div class=\"wp-block-embed__wrapper\">\n<iframe loading=\"lazy\" title=\"Cia do Relativo apresenta: Cabar\u00e9?\" width=\"1200\" height=\"675\" src=\"https:\/\/www.youtube.com\/embed\/yybkwcPXduo?feature=oembed\" frameborder=\"0\" allow=\"accelerometer; autoplay; clipboard-write; encrypted-media; gyroscope; picture-in-picture; web-share\" referrerpolicy=\"strict-origin-when-cross-origin\" allowfullscreen><\/iframe>\n<\/div><\/figure>\n\n\n\n<p><\/p>\n\n\n\n<pre class=\"wp-block-preformatted\"><strong><br>Acting<\/strong> <strong>: <\/strong>Cia do Relativo and guest.<strong><br>Direction<\/strong> <strong>: <\/strong>Cia do Relativo<strong><br>Free for all audiences.<\/strong><\/pre>\n\n\n\n<figure class=\"wp-block-gallery has-nested-images columns-5 is-cropped wp-block-gallery-1 is-layout-flex wp-block-gallery-is-layout-flex\">\n<figure class=\"wp-block-image size-large\"><img loading=\"lazy\" decoding=\"async\" width=\"1024\" height=\"680\" data-id=\"2469\" src=\"https:\/\/ciadorelativo.com.br\/wp-content\/uploads\/sites\/8\/2022\/09\/Cabaret-alta_209-1024x680.jpg\" alt=\"\" class=\"wp-image-2469\" srcset=\"https:\/\/ciadorelativo.com.br\/wp-content\/uploads\/sites\/8\/2022\/09\/Cabaret-alta_209-1024x680.jpg 1024w, https:\/\/ciadorelativo.com.br\/wp-content\/uploads\/sites\/8\/2022\/09\/Cabaret-alta_209-300x199.jpg 300w, https:\/\/ciadorelativo.com.br\/wp-content\/uploads\/sites\/8\/2022\/09\/Cabaret-alta_209-768x510.jpg 768w, https:\/\/ciadorelativo.com.br\/wp-content\/uploads\/sites\/8\/2022\/09\/Cabaret-alta_209-1536x1020.jpg 1536w, https:\/\/ciadorelativo.com.br\/wp-content\/uploads\/sites\/8\/2022\/09\/Cabaret-alta_209.jpg 2048w\" sizes=\"auto, (max-width: 1024px) 100vw, 1024px\" \/><\/figure>\n\n\n\n<figure class=\"wp-block-image size-large\"><img loading=\"lazy\" decoding=\"async\" width=\"1024\" height=\"681\" data-id=\"2471\" src=\"https:\/\/ciadorelativo.com.br\/wp-content\/uploads\/sites\/8\/2022\/09\/Cabaret_48-1024x681.jpg\" alt=\"\" class=\"wp-image-2471\" srcset=\"https:\/\/ciadorelativo.com.br\/wp-content\/uploads\/sites\/8\/2022\/09\/Cabaret_48-1024x681.jpg 1024w, https:\/\/ciadorelativo.com.br\/wp-content\/uploads\/sites\/8\/2022\/09\/Cabaret_48-300x199.jpg 300w, https:\/\/ciadorelativo.com.br\/wp-content\/uploads\/sites\/8\/2022\/09\/Cabaret_48-768x510.jpg 768w, https:\/\/ciadorelativo.com.br\/wp-content\/uploads\/sites\/8\/2022\/09\/Cabaret_48-1536x1021.jpg 1536w, https:\/\/ciadorelativo.com.br\/wp-content\/uploads\/sites\/8\/2022\/09\/Cabaret_48.jpg 2048w\" sizes=\"auto, (max-width: 1024px) 100vw, 1024px\" \/><\/figure>\n\n\n\n<figure class=\"wp-block-image size-large\"><img loading=\"lazy\" decoding=\"async\" width=\"681\" height=\"1024\" data-id=\"2470\" src=\"https:\/\/ciadorelativo.com.br\/wp-content\/uploads\/sites\/8\/2022\/09\/Cabaret_20-681x1024.jpg\" alt=\"\" class=\"wp-image-2470\" srcset=\"https:\/\/ciadorelativo.com.br\/wp-content\/uploads\/sites\/8\/2022\/09\/Cabaret_20-681x1024.jpg 681w, https:\/\/ciadorelativo.com.br\/wp-content\/uploads\/sites\/8\/2022\/09\/Cabaret_20-199x300.jpg 199w, https:\/\/ciadorelativo.com.br\/wp-content\/uploads\/sites\/8\/2022\/09\/Cabaret_20-768x1156.jpg 768w, https:\/\/ciadorelativo.com.br\/wp-content\/uploads\/sites\/8\/2022\/09\/Cabaret_20-1021x1536.jpg 1021w, https:\/\/ciadorelativo.com.br\/wp-content\/uploads\/sites\/8\/2022\/09\/Cabaret_20.jpg 1361w\" sizes=\"auto, (max-width: 681px) 100vw, 681px\" \/><\/figure>\n\n\n\n<figure class=\"wp-block-image size-large\"><img loading=\"lazy\" decoding=\"async\" width=\"1024\" height=\"680\" data-id=\"2468\" src=\"https:\/\/ciadorelativo.com.br\/wp-content\/uploads\/sites\/8\/2022\/09\/Cabaret-alta_123-1-1024x680.jpg\" alt=\"\" class=\"wp-image-2468\" srcset=\"https:\/\/ciadorelativo.com.br\/wp-content\/uploads\/sites\/8\/2022\/09\/Cabaret-alta_123-1-1024x680.jpg 1024w, https:\/\/ciadorelativo.com.br\/wp-content\/uploads\/sites\/8\/2022\/09\/Cabaret-alta_123-1-300x199.jpg 300w, https:\/\/ciadorelativo.com.br\/wp-content\/uploads\/sites\/8\/2022\/09\/Cabaret-alta_123-1-768x510.jpg 768w, https:\/\/ciadorelativo.com.br\/wp-content\/uploads\/sites\/8\/2022\/09\/Cabaret-alta_123-1-1536x1020.jpg 1536w, https:\/\/ciadorelativo.com.br\/wp-content\/uploads\/sites\/8\/2022\/09\/Cabaret-alta_123-1.jpg 2048w\" sizes=\"auto, (max-width: 1024px) 100vw, 1024px\" \/><\/figure>\n\n\n\n<figure class=\"wp-block-image size-large\"><img loading=\"lazy\" decoding=\"async\" width=\"1024\" height=\"680\" data-id=\"2467\" src=\"https:\/\/ciadorelativo.com.br\/wp-content\/uploads\/sites\/8\/2022\/09\/Cabaret-alta_99-1024x680.jpg\" alt=\"\" class=\"wp-image-2467\" srcset=\"https:\/\/ciadorelativo.com.br\/wp-content\/uploads\/sites\/8\/2022\/09\/Cabaret-alta_99-1024x680.jpg 1024w, https:\/\/ciadorelativo.com.br\/wp-content\/uploads\/sites\/8\/2022\/09\/Cabaret-alta_99-300x199.jpg 300w, https:\/\/ciadorelativo.com.br\/wp-content\/uploads\/sites\/8\/2022\/09\/Cabaret-alta_99-768x510.jpg 768w, https:\/\/ciadorelativo.com.br\/wp-content\/uploads\/sites\/8\/2022\/09\/Cabaret-alta_99-1536x1020.jpg 1536w, https:\/\/ciadorelativo.com.br\/wp-content\/uploads\/sites\/8\/2022\/09\/Cabaret-alta_99.jpg 2048w\" sizes=\"auto, (max-width: 1024px) 100vw, 1024px\" \/><\/figure>\n<\/figure>\n\n\n\n<p class=\"has-text-align-center\"><\/p>\n","protected":false},"excerpt":{"rendered":"<p>Premiered in 2018, the show took part in the Malabaristicamente Festival at SESC Santo Andr\u00e9 and was also invited to participate in the Aldeia Guar\u00e1 Festival at SESC Arsenal, in Cuiab\u00e1. The fusion between dance, theater and contemporary circus transforms the classic shape of circus cabarets: In place of the presenter that guides the night, &#8230; <a title=\"\" class=\"read-more\" href=\"https:\/\/ciadorelativo.com.br\/en\/espetaculos-2\/cabare\/\" aria-label=\"Read more about \">Read more<\/a><\/p>\n","protected":false},"author":7,"featured_media":0,"parent":640,"menu_order":3,"comment_status":"closed","ping_status":"closed","template":"","meta":{"footnotes":""},"class_list":["post-1282","page","type-page","status-publish"],"translation":{"provider":"WPGlobus","version":"3.0.2","language":"en","enabled_languages":["br","en"],"languages":{"br":{"title":false,"content":true,"excerpt":false},"en":{"title":false,"content":true,"excerpt":false}}},"_links":{"self":[{"href":"https:\/\/ciadorelativo.com.br\/en\/wp-json\/wp\/v2\/pages\/1282","targetHints":{"allow":["GET"]}}],"collection":[{"href":"https:\/\/ciadorelativo.com.br\/en\/wp-json\/wp\/v2\/pages"}],"about":[{"href":"https:\/\/ciadorelativo.com.br\/en\/wp-json\/wp\/v2\/types\/page"}],"author":[{"embeddable":true,"href":"https:\/\/ciadorelativo.com.br\/en\/wp-json\/wp\/v2\/users\/7"}],"replies":[{"embeddable":true,"href":"https:\/\/ciadorelativo.com.br\/en\/wp-json\/wp\/v2\/comments?post=1282"}],"version-history":[{"count":75,"href":"https:\/\/ciadorelativo.com.br\/en\/wp-json\/wp\/v2\/pages\/1282\/revisions"}],"predecessor-version":[{"id":20773,"href":"https:\/\/ciadorelativo.com.br\/en\/wp-json\/wp\/v2\/pages\/1282\/revisions\/20773"}],"up":[{"embeddable":true,"href":"https:\/\/ciadorelativo.com.br\/en\/wp-json\/wp\/v2\/pages\/640"}],"wp:attachment":[{"href":"https:\/\/ciadorelativo.com.br\/en\/wp-json\/wp\/v2\/media?parent=1282"}],"curies":[{"name":"wp","href":"https:\/\/api.w.org\/{rel}","templated":true}]}}