{"id":1184,"date":"2021-01-07T11:40:16","date_gmt":"2021-01-07T13:40:16","guid":{"rendered":"http:\/\/ciadorelativo.com\/?page_id=1184"},"modified":"2022-09-29T15:50:35","modified_gmt":"2022-09-29T18:50:35","slug":"malabarismo-possivel","status":"publish","type":"page","link":"https:\/\/ciadorelativo.com.br\/en\/malabarismo-possivel\/","title":{"rendered":""},"content":{"rendered":"<p><img loading=\"lazy\" decoding=\"async\" class=\"aligncenter size-large wp-image-2009\" src=\"https:\/\/ciadorelativo.com\/wp-content\/uploads\/sites\/8\/2021\/01\/mp-1024x323.png\" alt=\"\" width=\"1024\" height=\"323\" srcset=\"https:\/\/ciadorelativo.com.br\/wp-content\/uploads\/sites\/8\/2021\/01\/mp-1024x323.png 1024w, https:\/\/ciadorelativo.com.br\/wp-content\/uploads\/sites\/8\/2021\/01\/mp-300x95.png 300w, https:\/\/ciadorelativo.com.br\/wp-content\/uploads\/sites\/8\/2021\/01\/mp-768x242.png 768w, https:\/\/ciadorelativo.com.br\/wp-content\/uploads\/sites\/8\/2021\/01\/mp-1536x485.png 1536w, https:\/\/ciadorelativo.com.br\/wp-content\/uploads\/sites\/8\/2021\/01\/mp.png 1800w\" sizes=\"auto, (max-width: 1024px) 100vw, 1024px\" \/><\/p>\n<p>A Cia. do Relativo apresenta uma proposta de instala\u00e7\u00f5es interativas: a viv\u00eancia \u201cMalabarismo Poss\u00edvel\u201d oferece a crian\u00e7as e adultos a possibilidade de experimentar jogos cooperativos criados a partir de conceitos do malabarismo.<\/p>\n<p>S\u00e3o disponibilizadas cinco instala\u00e7\u00f5es nas quais os artistas da companhia atuam como mediadores, facilitando a explora\u00e7\u00e3o de diferentes din\u00e2micas com os participantes.<\/p>\n<p>A atividade abrange desde de pessoas inexperientes nas t\u00e9cnicas de manipula\u00e7\u00e3o de objetos, a aquelas que, j\u00e1 possuindo conhecimentos anteriores, queiram experimentar novos est\u00edmulos criativos.<\/p>\n<p>[youtube=https:\/\/www.youtube.com\/watch?v=EiHrGg6u-zM]<\/p>\n<p>Fotos em Alta Resolu\u00e7\u00e3o (cr\u00e9ditos ao fotografo Ricardo Avellar):<\/p>\n<p>[office src=&#8221;https:\/\/onedrive.live.com\/embed?cid=0CA054B0298B2739&amp;resid=CA054B0298B2739%211107&amp;authkey=AOGgdVT2s0gChug&#8221; width=&#8221;165&#8243; height=&#8221;128&#8243;]<\/p>\n<p>Necessidades t\u00e9cnicas (<a href=\"https:\/\/ciadorelativo.com\/wp-content\/uploads\/2017\/07\/ficha-tc3a9cnica-malabarismo-possc3advel-cia-do-relativo-circo-e-teatro-1.pdf\">PDF<\/a>)<\/p>\n<p><b>T\u00e9cnico respons\u00e1vel:<\/b><br \/>\nOtavio\u00a0Fantinato:\u00a0(11)\u00a096608-2605\u00a0<a href=\"mailto:dududocirco@gmail.com\">otaviofantinato@hotmail.com<\/a><\/p>\n<p><b>Descri\u00e7\u00e3o\u00a0<\/b><b>da interven\u00e7\u00e3o<\/b><b>:<\/b><br \/>\nS\u00e3o disponibilizadas cinco instala\u00e7\u00f5es nas quais os artistas da companhia atuam como mediadores, facilitando a explora\u00e7\u00e3o de diferentes din\u00e2micas com os participantes.<\/p>\n<p>Dura\u00e7\u00e3o:\u00a090 minutos (adapt\u00e1vel)<\/p>\n","protected":false},"excerpt":{"rendered":"<p>A Cia. do Relativo apresenta uma proposta de instala\u00e7\u00f5es interativas: a viv\u00eancia \u201cMalabarismo Poss\u00edvel\u201d oferece a crian\u00e7as e adultos a possibilidade de experimentar jogos cooperativos criados a partir de conceitos do malabarismo. S\u00e3o disponibilizadas cinco instala\u00e7\u00f5es nas quais os artistas da companhia atuam como mediadores, facilitando a explora\u00e7\u00e3o de diferentes din\u00e2micas com os participantes. A &#8230; <a title=\"\" class=\"read-more\" href=\"https:\/\/ciadorelativo.com.br\/en\/malabarismo-possivel\/\" aria-label=\"Read more about \">Read more<\/a><\/p>\n","protected":false},"author":7,"featured_media":0,"parent":0,"menu_order":0,"comment_status":"closed","ping_status":"closed","template":"","meta":{"footnotes":""},"class_list":["post-1184","page","type-page","status-publish"],"translation":{"provider":"WPGlobus","version":"3.0.2","language":"en","enabled_languages":["br","en"],"languages":{"br":{"title":false,"content":true,"excerpt":false},"en":{"title":false,"content":true,"excerpt":false}}},"_links":{"self":[{"href":"https:\/\/ciadorelativo.com.br\/en\/wp-json\/wp\/v2\/pages\/1184","targetHints":{"allow":["GET"]}}],"collection":[{"href":"https:\/\/ciadorelativo.com.br\/en\/wp-json\/wp\/v2\/pages"}],"about":[{"href":"https:\/\/ciadorelativo.com.br\/en\/wp-json\/wp\/v2\/types\/page"}],"author":[{"embeddable":true,"href":"https:\/\/ciadorelativo.com.br\/en\/wp-json\/wp\/v2\/users\/7"}],"replies":[{"embeddable":true,"href":"https:\/\/ciadorelativo.com.br\/en\/wp-json\/wp\/v2\/comments?post=1184"}],"version-history":[{"count":6,"href":"https:\/\/ciadorelativo.com.br\/en\/wp-json\/wp\/v2\/pages\/1184\/revisions"}],"predecessor-version":[{"id":2489,"href":"https:\/\/ciadorelativo.com.br\/en\/wp-json\/wp\/v2\/pages\/1184\/revisions\/2489"}],"wp:attachment":[{"href":"https:\/\/ciadorelativo.com.br\/en\/wp-json\/wp\/v2\/media?parent=1184"}],"curies":[{"name":"wp","href":"https:\/\/api.w.org\/{rel}","templated":true}]}}